{"id":26,"date":"2014-01-18T16:04:12","date_gmt":"2014-01-18T15:04:12","guid":{"rendered":"http:\/\/www.alternative-secretariat.fr\/accueil\/?page_id=26"},"modified":"2025-01-14T21:27:53","modified_gmt":"2025-01-14T20:27:53","slug":"coordonnees","status":"publish","type":"page","link":"http:\/\/www.alternative-secretariat.fr\/accueil\/?page_id=26","title":{"rendered":"Coordonn\u00e9es"},"content":{"rendered":"<p style=\"text-align: center;\"><span style=\"text-decoration: underline;\"><strong>Adresse &amp; Coordonn\u00e9es<\/strong><\/span> :<\/p>\n<p style=\"text-align: center;\">565 Route de Celhay<br \/>\n64240 HASPARREN<\/p>\n<p style=\"text-align: center;\">Portable : 06 25 24 04 64<\/p>\n<p style=\"text-align: center;\">Email : <a href=\"contact@alternative-secretariat.fr\">contact@alternative-secretariat.fr<\/a><br \/>\nSite Internet : www.alternative-secretariat.fr<\/p>\n<p style=\"text-align: center;\">-*-*-*-<\/p>\n<p style=\"text-align: center;\"><strong><span style=\"text-decoration: underline;\">Mentions l\u00e9gales<\/span><\/strong> :<\/p>\n<p style=\"text-align: center;\">SIRET : 519 233 894 00046<\/p>\n<p style=\"text-align: center;\">R\u00e9pertoire des M\u00e9tiers : 519 233 894 RM 64<\/p>\n<p style=\"text-align: center;\">APE 8219Z<\/p>\n<p style=\"text-align: center;\">TVA Intracommunautaire : FR34 519233894<\/p>\n","protected":false},"excerpt":{"rendered":"<p>Adresse &amp; Coordonn\u00e9es : 565 Route de Celhay 64240 HASPARREN Portable : 06 25 24 04 64 Email : contact@alternative-secretariat.fr Site Internet : www.alternative-secretariat.fr -*-*-*- Mentions l\u00e9gales : SIRET : 519 233 894 00046 R\u00e9pertoire des M\u00e9tiers : 519 233 894 RM 64 APE 8219Z TVA Intracommunautaire : FR34 519233894<\/p>\n","protected":false},"author":1,"featured_media":0,"parent":0,"menu_order":0,"comment_status":"open","ping_status":"open","template":"","meta":[],"_links":{"self":[{"href":"http:\/\/www.alternative-secretariat.fr\/accueil\/index.php?rest_route=\/wp\/v2\/pages\/26"}],"collection":[{"href":"http:\/\/www.alternative-secretariat.fr\/accueil\/index.php?rest_route=\/wp\/v2\/pages"}],"about":[{"href":"http:\/\/www.alternative-secretariat.fr\/accueil\/index.php?rest_route=\/wp\/v2\/types\/page"}],"author":[{"embeddable":true,"href":"http:\/\/www.alternative-secretariat.fr\/accueil\/index.php?rest_route=\/wp\/v2\/users\/1"}],"replies":[{"embeddable":true,"href":"http:\/\/www.alternative-secretariat.fr\/accueil\/index.php?rest_route=%2Fwp%2Fv2%2Fcomments&post=26"}],"version-history":[{"count":12,"href":"http:\/\/www.alternative-secretariat.fr\/accueil\/index.php?rest_route=\/wp\/v2\/pages\/26\/revisions"}],"predecessor-version":[{"id":141,"href":"http:\/\/www.alternative-secretariat.fr\/accueil\/index.php?rest_route=\/wp\/v2\/pages\/26\/revisions\/141"}],"wp:attachment":[{"href":"http:\/\/www.alternative-secretariat.fr\/accueil\/index.php?rest_route=%2Fwp%2Fv2%2Fmedia&parent=26"}],"curies":[{"name":"wp","href":"https:\/\/api.w.org\/{rel}","templated":true}]}}