{"id":22,"date":"2014-01-18T16:03:41","date_gmt":"2014-01-18T15:03:41","guid":{"rendered":"http:\/\/www.alternative-secretariat.fr\/accueil\/?page_id=22"},"modified":"2025-01-14T21:31:56","modified_gmt":"2025-01-14T20:31:56","slug":"tarifs","status":"publish","type":"page","link":"http:\/\/www.alternative-secretariat.fr\/accueil\/?page_id=22","title":{"rendered":"Tarifs &#038; Prestations"},"content":{"rendered":"<p style=\"font-size: 20px; text-align: center;\"><span style=\"text-decoration: underline;\"><strong>Exemple de Tarifs H.T. pratiqu\u00e9s<br \/>\n<\/strong><\/span><strong>(selon la prestation, un acompte de 30 % pourra \u00eatre exigible)<\/strong><\/p>\n<p>&#8211; Devis \/ Facture 5,00 \u20ac \/ page<br \/>\n&#8211; Courrier 1 3,00 \u20ac \/ page<br \/>\n&#8211; Relance facture 3,50 \u20ac \/ page<\/p>\n<p>&#8211; <span style=\"text-decoration: underline;\"><strong>Saisie de documents<\/strong><\/span> (compte-rendu<br \/>\nde r\u00e9union, rapport de stage, etc&#8230;)<br \/>\n* Saisie au 4,50 \u20ac \/ page<br \/>\n* Saisie au km + mise en page 6,00 \u20ac \/ page<\/p>\n<p>&#8211; <span style=\"text-decoration: underline;\"><strong>Retranscription audio<\/strong><\/span> (pour \u00e9tudiants,<br \/>\nM\u00e9decin, Avocat, \u00c9crivain, etc&#8230;)<br \/>\n(<em><span style=\"text-decoration: underline;\">en fonction de la qualit\u00e9 de l&rsquo;enregistrement<\/span><\/em>)<br \/>\n* Saisie au km\u00a0\u00a0\u00a0\u00a0\u00a0\u00a0\u00a0\u00a0\u00a0\u00a0\u00a0\u00a0\u00a0\u00a0\u00a0\u00a0\u00a0\u00a0\u00a0\u00a0\u00a0\u00a0\u00a0\u00a0\u00a0\u00a0\u00a0\u00a0\u00a0\u00a0\u00a0\u00a0\u00a0\u00a0\u00a0\u00a0\u00a0\u00a0\u00a0\u00a0\u00a0\u00a0\u00a0\u00a0\u00a0\u00a0\u00a0\u00a0\u00a0\u00a0\u00a0\u00a0\u00a0\u00a0\u00a0\u00a0\u00a0\u00a0\u00a0\u00a0\u00a0\u00a0\u00a0\u00a0\u00a0\u00a0\u00a0\u00a0\u00a0\u00a0\u00a0\u00a0\u00a0\u00a0\u00a0\u00a0\u00a0\u00a0\u00a0\u00a01,75 \u20ac \/ minute d&rsquo;enregistrement<br \/>\n* Saisie au km + mise en page \u00a0 \u00a0 \u00a0 \u00a0 \u00a0 \u00a0 \u00a0 \u00a0 \u00a0 \u00a0 \u00a0 \u00a0 \u00a0 \u00a0 \u00a0 \u00a0 \u00a0 \u00a0 \u00a0 \u00a0 \u00a0 \u00a0 \u00a0 \u00a0 \u00a0 \u00a02,50 \u20ac \/ minute d&rsquo;enregistrement<br \/>\n* Suppl\u00e9ment \u00ab\u00a0mauvaise qualit\u00e9\u00a0\u00bb \u00a0 \u00a0 \u00a0 \u00a0 \u00a0 \u00a0 \u00a0 \u00a0 \u00a0 \u00a0 \u00a0 \u00a0 \u00a0 \u00a0 \u00a0 \u00a0 \u00a0 \u00a0 \u00a0 \u00a0 \u00a0 0,20 \u20ac \/ minute d&rsquo;enregistrement<\/p>\n<p>&#8211; <span style=\"text-decoration: underline;\"><strong>Intervention sur site secr\u00e9tariat juridique<\/strong><\/span> :<br \/>\n* Tarif horaire\u00a0 \u00a0 \u00a0 \u00a0 \u00a0 \u00a0 \u00a0 \u00a0 \u00a0 \u00a0 \u00a0 \u00a0 \u00a0 \u00a0 \u00a0 \u00a0 \u00a0 \u00a0 \u00a0 \u00a0 \u00a0 \u00a0 \u00a0 \u00a0 \u00a0 \u00a0 \u00a0 \u00a0 \u00a0 \u00a0 \u00a0 \u00a0 \u00a0 \u00a0 \u00a0 \u00a0 \u00a0 \u00a0 \u00a0 \u00a0 50,00 \u20ac \/ heure<\/p>\n<p>&#8211; <span style=\"text-decoration: underline;\"><strong>Intervention t\u00e9l\u00e9travail secr\u00e9tariat juridique<\/strong><\/span> :<br \/>\n* Tarif horaire\u00a0 \u00a0 \u00a0 \u00a0 \u00a0 \u00a0 \u00a0 \u00a0 \u00a0 \u00a0 \u00a0 \u00a0 \u00a0 \u00a0 \u00a0 \u00a0 \u00a0 \u00a0 \u00a0 \u00a0 \u00a0 \u00a0 \u00a0 \u00a0 \u00a0 \u00a0 \u00a0 \u00a0 \u00a0 \u00a0 \u00a0 \u00a0 \u00a0 \u00a0 \u00a0 \u00a0 \u00a0 \u00a0 \u00a0 \u00a0 45,00 \u20ac \/ heure<\/p>\n<p>&#8211; <span style=\"text-decoration: underline;\"><strong>Etat de frais<\/strong><\/span> (prestation Avocat)<br \/>\n* Calcul de l&rsquo;\u00e9tat de frais\u00a0\u00a0\u00a0\u00a0\u00a0\u00a0\u00a0\u00a0\u00a0\u00a0\u00a0\u00a0\u00a0\u00a0\u00a0\u00a0\u00a0\u00a0\u00a0\u00a0\u00a0\u00a0\u00a0\u00a0\u00a0\u00a0\u00a0\u00a0\u00a0\u00a0\u00a0\u00a0\u00a0\u00a0\u00a0\u00a0\u00a0\u00a0\u00a0\u00a0\u00a0\u00a0\u00a0\u00a0\u00a0\u00a0\u00a0\u00a0\u00a0\u00a0\u00a0\u00a0\u00a0\u00a0\u00a0\u00a0\u00a0\u00a0\u00a0 5 % de l&rsquo;\u00e9tat de frais (maximum 50 \u20ac)<br \/>\n* Demande de v\u00e9rification au Greffier en Chef \u00a0 \u00a0 \u00a0 \u00a0 \u00a0 \u00a0 \u00a0 \u00a0 \u00a0 \u00a0 \u00a08,00 \u20ac \/ imprim\u00e9<\/p>\n<p>&#8211; <strong><span style=\"text-decoration: underline;\">Impression\u00a0N &amp; B (laser)<\/span><\/strong>\u00a0 \u00a0 \u00a0 \u00a0 \u00a0 \u00a0 \u00a0 \u00a0 \u00a0 \u00a0 \u00a0 \u00a0 \u00a0 \u00a0 \u00a0 \u00a0 \u00a0 \u00a0 \u00a0 \u00a0 \u00a0 \u00a0 \u00a0 \u00a0 \u00a0 \u00a0 \u00a0 \u00a0 \u00a00,15 \u20ac \/ page<br \/>\n&#8211;\u00a0<strong><span style=\"text-decoration: underline;\">Impression couleur (laser)<\/span><\/strong>\u00a0 \u00a0 \u00a0 \u00a0 \u00a0 \u00a0 \u00a0 \u00a0 \u00a0 \u00a0 \u00a0 \u00a0 \u00a0 \u00a0 \u00a0 \u00a0 \u00a0 \u00a0 \u00a0 \u00a0 \u00a0 \u00a0 \u00a0 \u00a0 \u00a0 \u00a0 \u00a0 0,50 \u20ac \/ page<\/p>\n<p>&#8211;\u00a0<strong><span style=\"text-decoration: underline;\">Num\u00e9risation<\/span><\/strong>\u00a0 \u00a0 \u00a0 \u00a0 \u00a0 \u00a0 \u00a0 \u00a0 \u00a0 \u00a0 \u00a0 \u00a0 \u00a0 \u00a0 \u00a0 \u00a0 \u00a0 \u00a0 \u00a0 \u00a0 \u00a0 \u00a0 \u00a0 \u00a0 \u00a0 \u00a0 \u00a0 \u00a0 \u00a0 \u00a0 \u00a0 \u00a0 \u00a0 \u00a0 \u00a0 \u00a0 \u00a0 \u00a0 0,15 \u20ac \/ page<br \/>\n&#8211;\u00a0<strong><span style=\"text-decoration: underline;\">Enregistrement sur cl\u00e9 USB<\/span><\/strong> (non fournie)\u00a0 \u00a0 \u00a0 \u00a0 \u00a0 \u00a0 \u00a0 \u00a0 \u00a0 \u00a0 \u00a0 \u00a0 \u00a0 \u00a03,00 \u20ac \/ cl\u00e9<\/p>\n<p>&#8211; <span style=\"text-decoration: underline;\"><strong>Permanence t\u00e9l\u00e9phonique<\/strong><\/span>\u00a0 \u00a0 \u00a0 \u00a0 \u00a0 \u00a0 \u00a0 \u00a0 \u00a0 \u00a0 \u00a0 \u00a0 \u00a0 \u00a0 \u00a0 \u00a0 \u00a0 \u00a0 \u00a0 \u00a0 \u00a0 \u00a0 \u00a0 \u00a0 \u00a0 \u00a0 \u00a0sur devis uniquement<\/p>\n<p style=\"text-align: center;\"><strong><em><span style=\"text-decoration: underline;\">Pour d&rsquo;autres prestations, n&rsquo;h\u00e9sitez pas \u00e0 me contacter, la liste ci-dessus n&rsquo;\u00e9tant pas exhaustive<\/span>.<\/em><\/strong><\/p>\n","protected":false},"excerpt":{"rendered":"<p>Exemple de Tarifs H.T. pratiqu\u00e9s (selon la prestation, un acompte de 30 % pourra \u00eatre exigible) &#8211; Devis \/ Facture 5,00 \u20ac \/ page &#8211; Courrier 1 3,00 \u20ac \/ page &#8211; Relance facture 3,50 \u20ac \/ page &#8211; Saisie de documents (compte-rendu de r\u00e9union, rapport de stage, etc&#8230;) * Saisie au 4,50 \u20ac \/<\/p>\n<p><a class=\"button\" href=\"http:\/\/www.alternative-secretariat.fr\/accueil\/?page_id=22\" title=\"More\">  Read More \u2192<\/a><\/p>\n","protected":false},"author":1,"featured_media":0,"parent":0,"menu_order":0,"comment_status":"open","ping_status":"open","template":"","meta":[],"_links":{"self":[{"href":"http:\/\/www.alternative-secretariat.fr\/accueil\/index.php?rest_route=\/wp\/v2\/pages\/22"}],"collection":[{"href":"http:\/\/www.alternative-secretariat.fr\/accueil\/index.php?rest_route=\/wp\/v2\/pages"}],"about":[{"href":"http:\/\/www.alternative-secretariat.fr\/accueil\/index.php?rest_route=\/wp\/v2\/types\/page"}],"author":[{"embeddable":true,"href":"http:\/\/www.alternative-secretariat.fr\/accueil\/index.php?rest_route=\/wp\/v2\/users\/1"}],"replies":[{"embeddable":true,"href":"http:\/\/www.alternative-secretariat.fr\/accueil\/index.php?rest_route=%2Fwp%2Fv2%2Fcomments&post=22"}],"version-history":[{"count":26,"href":"http:\/\/www.alternative-secretariat.fr\/accueil\/index.php?rest_route=\/wp\/v2\/pages\/22\/revisions"}],"predecessor-version":[{"id":146,"href":"http:\/\/www.alternative-secretariat.fr\/accueil\/index.php?rest_route=\/wp\/v2\/pages\/22\/revisions\/146"}],"wp:attachment":[{"href":"http:\/\/www.alternative-secretariat.fr\/accueil\/index.php?rest_route=%2Fwp%2Fv2%2Fmedia&parent=22"}],"curies":[{"name":"wp","href":"https:\/\/api.w.org\/{rel}","templated":true}]}}