{"id":20,"date":"2014-01-18T16:03:12","date_gmt":"2014-01-18T15:03:12","guid":{"rendered":"http:\/\/www.alternative-secretariat.fr\/accueil\/?page_id=20"},"modified":"2025-01-14T21:32:56","modified_gmt":"2025-01-14T20:32:56","slug":"accueil","status":"publish","type":"page","link":"http:\/\/www.alternative-secretariat.fr\/accueil\/","title":{"rendered":"Accueil"},"content":{"rendered":"<p><a href=\"http:\/\/www.alternative-secretariat.fr\/accueil\/wp-content\/uploads\/2014\/01\/DSC_3689.jpg\"><img loading=\"lazy\" class=\" wp-image-103 alignright\" src=\"http:\/\/www.alternative-secretariat.fr\/accueil\/wp-content\/uploads\/2014\/01\/DSC_3689.jpg\" alt=\"DSC_3689\" width=\"422\" height=\"281\" \/><\/a><\/p>\n<p>Vous recherchez un partenaire souple, r\u00e9actif et s\u00e9rieux, qui serait \u00e0 m\u00eame de traiter pour vous, de mani\u00e8re\u00a0r\u00e9guli\u00e8re ou ponctuelle, tous vos travaux administratifs\u00a0?<\/p>\n<p>Secr\u00e9taire en Cabinet d\u2019Avocats depuis plus de vingt-quatre ans, mon exp\u00e9rience et mes comp\u00e9tences sauront r\u00e9pondre \u00e0 vos besoins.<\/p>\n<p>Pour les professionnels utilisant le syst\u00e8me de dict\u00e9e num\u00e9rique, possibilit\u00e9 de me remettre vos enregistrements audios aux fins de transcription sur traitement de texte.<\/p>\n<p style=\"font-size: 20px; text-align: center;\"><strong><em>\u00a0\u00a0\u00a0\u00a0\u00a0\u00a0\u00a0\u00a0\u00a0\u00a0\u00a0\u00a0\u00a0\u00a0\u00a0\u00a0\u00a0\u00a0\u00a0\u00a0\u00a0\u00a0\u00a0\u00a0\u00a0\u00a0 Alternative Secr\u00e9tariat, c&rsquo;est :\u00a0\u00a0<\/em><\/strong><br \/>\n<em><strong>\u00a0\u00a0\u00a0\u00a0\u00a0\u00a0\u00a0\u00a0\u00a0\u00a0\u00a0\u00a0\u00a0\u00a0\u00a0\u00a0\u00a0\u00a0\u00a0\u00a0 <span style=\"text-decoration: underline;\">LA solution 100% efficace pour votre<\/span><span style=\"text-decoration: underline;\"> entreprise<\/span><span style=\"text-decoration: underline;\"><br \/>\n<\/span><\/strong><\/em><\/p>\n<p><strong><span style=\"text-decoration: underline;\">Entrepreneur individuel<\/span><\/strong>\u00a0:<br \/>\n&#8211;\u00a0 pas de d\u00e9claration pr\u00e9alable \u00e0 l\u2019embauche,<br \/>\n&#8211;\u00a0\u00a0pas de charges sociales.<\/p>\n<p><span style=\"text-decoration: underline;\"><strong><br \/>\nDiscr\u00e9tion et secret professionnel assur\u00e9s<\/strong><\/span>.<\/p>\n<p><span style=\"text-decoration: underline;\"><strong><br \/>\nSouplesse et garantie d\u2019un travail de qualit\u00e9<\/strong><\/span> : Vous ne faites appel \u00e0 mes services qu&rsquo;en cas de besoin, et ne payez donc que le service rendu. Mes travaux sont toujours effectu\u00e9s rapidement, dans les d\u00e9lais convenus, avec soins et s\u00e9rieux.<\/p>\n<p><span style=\"text-decoration: underline;\"><strong><br \/>\nPossibilit\u00e9 de pr\u00eat de dictaphone<\/strong><\/span>.<\/p>\n","protected":false},"excerpt":{"rendered":"<p>Vous recherchez un partenaire souple, r\u00e9actif et s\u00e9rieux, qui serait \u00e0 m\u00eame de traiter pour vous, de mani\u00e8re\u00a0r\u00e9guli\u00e8re ou ponctuelle, tous vos travaux administratifs\u00a0? Secr\u00e9taire en Cabinet d\u2019Avocats depuis plus de vingt-quatre ans, mon exp\u00e9rience et mes comp\u00e9tences sauront r\u00e9pondre \u00e0 vos besoins. Pour les professionnels utilisant le syst\u00e8me de dict\u00e9e num\u00e9rique, possibilit\u00e9 de me<\/p>\n<p><a class=\"button\" href=\"http:\/\/www.alternative-secretariat.fr\/accueil\/\" title=\"More\">  Read More \u2192<\/a><\/p>\n","protected":false},"author":1,"featured_media":0,"parent":0,"menu_order":0,"comment_status":"open","ping_status":"open","template":"","meta":[],"_links":{"self":[{"href":"http:\/\/www.alternative-secretariat.fr\/accueil\/index.php?rest_route=\/wp\/v2\/pages\/20"}],"collection":[{"href":"http:\/\/www.alternative-secretariat.fr\/accueil\/index.php?rest_route=\/wp\/v2\/pages"}],"about":[{"href":"http:\/\/www.alternative-secretariat.fr\/accueil\/index.php?rest_route=\/wp\/v2\/types\/page"}],"author":[{"embeddable":true,"href":"http:\/\/www.alternative-secretariat.fr\/accueil\/index.php?rest_route=\/wp\/v2\/users\/1"}],"replies":[{"embeddable":true,"href":"http:\/\/www.alternative-secretariat.fr\/accueil\/index.php?rest_route=%2Fwp%2Fv2%2Fcomments&post=20"}],"version-history":[{"count":30,"href":"http:\/\/www.alternative-secretariat.fr\/accueil\/index.php?rest_route=\/wp\/v2\/pages\/20\/revisions"}],"predecessor-version":[{"id":147,"href":"http:\/\/www.alternative-secretariat.fr\/accueil\/index.php?rest_route=\/wp\/v2\/pages\/20\/revisions\/147"}],"wp:attachment":[{"href":"http:\/\/www.alternative-secretariat.fr\/accueil\/index.php?rest_route=%2Fwp%2Fv2%2Fmedia&parent=20"}],"curies":[{"name":"wp","href":"https:\/\/api.w.org\/{rel}","templated":true}]}}